{"id":586,"date":"2023-02-27T21:50:20","date_gmt":"2023-02-27T21:50:20","guid":{"rendered":"https:\/\/joanaquelhas.com\/?page_id=586"},"modified":"2023-04-26T22:32:27","modified_gmt":"2023-04-26T22:32:27","slug":"nymphes-et-bergeres","status":"publish","type":"page","link":"https:\/\/joanaquelhas.com\/de\/nymphes-et-bergeres\/","title":{"rendered":"Nymphes et berg\u00e8res"},"content":{"rendered":"<p class=\"wp-embed-aspect-16-9 wp-has-aspect-ratio\">Das transdisziplin\u00e4re Projekt wurde von Joana Quelhas kreiert und ist das Ergebnis einer Zusammenarbeit mit dem T\u00e4nzer Caio Amaral - Landestheater Detmold. Es handelt sich um drei St\u00fccke f\u00fcr Fl\u00f6te solo aus dem franz\u00f6sischen Repertoire, Berg\u00e8re Captive und Jade von Pierre-Octave Ferroud und Syrinx von Claude Debussy, in einer Originalauff\u00fchrung f\u00fcr Fl\u00f6te und Tanz in drei Bildern wiedergegeben. Die Performance wurde von der K\u00fcnstlerin und Architektin Leonie Bunte - Universit\u00e4t Aachen - im September 2022 im Hangar 21 Kulturfabrik gefilmt.<\/p>\n\n\n\n<iframe loading=\"lazy\" width=\"560\" height=\"315\" src=\"https:\/\/www.youtube.com\/embed\/XZQfQhNSI5k\" title=\"YouTube video player\" frameborder=\"0\" allow=\"accelerometer; autoplay; clipboard-write; encrypted-media; gyroscope; picture-in-picture; web-share\" allowfullscreen><\/iframe>\n\n\n\n<div id=\"https:\/\/youtu.be\/XZQfQhNSI5k\" class=\"wp-block-group\"><div class=\"wp-block-group__inner-container is-layout-flow wp-block-group-is-layout-flow\">\n<iframe loading=\"lazy\" width=\"560\" height=\"315\" src=\"https:\/\/www.youtube.com\/embed\/EDQQ-3Mq8hY\" title=\"YouTube video player\" frameborder=\"0\" allow=\"accelerometer; autoplay; clipboard-write; encrypted-media; gyroscope; picture-in-picture; web-share\" allowfullscreen><\/iframe>\n<\/div><\/div>\n\n\n\n<iframe loading=\"lazy\" width=\"560\" height=\"315\" src=\"https:\/\/www.youtube.com\/embed\/Ops62yLOFz4\" title=\"YouTube video player\" frameborder=\"0\" allow=\"accelerometer; autoplay; clipboard-write; encrypted-media; gyroscope; picture-in-picture; web-share\" allowfullscreen><\/iframe>","protected":false},"excerpt":{"rendered":"<p>Ce projet transdisiplinaire cr\u00e9\u00e9\u00a0par Joana Quelhas est le fruit d\u2019une collaboration avec le danseur Caio Amaral &#8211; Landestheater Detmold. Il s\u2019agit de trois pi\u00e8ces pour fl\u00fbte seule tir\u00e9es du r\u00e9pertoire fran\u00e7ais, Berg\u00e8re Captive et Jade de Pierre-Octave Ferroud et Syrinx de Claude Debussy, rendues dans&nbsp;<a class=\"read-more\" href=\"https:\/\/joanaquelhas.com\/de\/nymphes-et-bergeres\/\">&hellip;<\/a><\/p>","protected":false},"author":1,"featured_media":0,"parent":0,"menu_order":0,"comment_status":"closed","ping_status":"closed","template":"","meta":{"_monsterinsights_skip_tracking":false,"_monsterinsights_sitenote_active":false,"_monsterinsights_sitenote_note":"","_monsterinsights_sitenote_category":0,"footnotes":""},"class_list":["post-586","page","type-page","status-publish","hentry"],"jetpack_sharing_enabled":true,"jetpack_likes_enabled":true,"_links":{"self":[{"href":"https:\/\/joanaquelhas.com\/de\/wp-json\/wp\/v2\/pages\/586","targetHints":{"allow":["GET"]}}],"collection":[{"href":"https:\/\/joanaquelhas.com\/de\/wp-json\/wp\/v2\/pages"}],"about":[{"href":"https:\/\/joanaquelhas.com\/de\/wp-json\/wp\/v2\/types\/page"}],"author":[{"embeddable":true,"href":"https:\/\/joanaquelhas.com\/de\/wp-json\/wp\/v2\/users\/1"}],"replies":[{"embeddable":true,"href":"https:\/\/joanaquelhas.com\/de\/wp-json\/wp\/v2\/comments?post=586"}],"version-history":[{"count":19,"href":"https:\/\/joanaquelhas.com\/de\/wp-json\/wp\/v2\/pages\/586\/revisions"}],"predecessor-version":[{"id":691,"href":"https:\/\/joanaquelhas.com\/de\/wp-json\/wp\/v2\/pages\/586\/revisions\/691"}],"wp:attachment":[{"href":"https:\/\/joanaquelhas.com\/de\/wp-json\/wp\/v2\/media?parent=586"}],"curies":[{"name":"wp","href":"https:\/\/api.w.org\/{rel}","templated":true}]}}