{"id":564,"date":"2023-02-27T21:15:34","date_gmt":"2023-02-27T21:15:34","guid":{"rendered":"https:\/\/joanaquelhas.com\/?page_id=564"},"modified":"2023-02-27T21:45:18","modified_gmt":"2023-02-27T21:45:18","slug":"der-traumballon-et-concerts-pour-enfants","status":"publish","type":"page","link":"https:\/\/joanaquelhas.com\/de\/der-traumballon-et-concerts-pour-enfants\/","title":{"rendered":"Der Traumballon und Konzerte f\u00fcr Kinder"},"content":{"rendered":"<p><strong>Der Traumballon. Ensemble f\u00fcr musikalische M\u00e4rchen und Geschichten mit Musik. Konzerte und Workshops f\u00fcr Kinder<\/strong><\/p>\n\n\n\n<figure class=\"wp-block-image size-large\"><img loading=\"lazy\" decoding=\"async\" width=\"1024\" height=\"422\" src=\"https:\/\/joanaquelhas.com\/wp-content\/uploads\/2023\/02\/traumballon-10-1024x422.png\" alt=\"\" class=\"wp-image-581\" srcset=\"https:\/\/joanaquelhas.com\/wp-content\/uploads\/2023\/02\/traumballon-10-1024x422.png 1024w, https:\/\/joanaquelhas.com\/wp-content\/uploads\/2023\/02\/traumballon-10-300x124.png 300w, https:\/\/joanaquelhas.com\/wp-content\/uploads\/2023\/02\/traumballon-10-768x316.png 768w, https:\/\/joanaquelhas.com\/wp-content\/uploads\/2023\/02\/traumballon-10-18x7.png 18w, https:\/\/joanaquelhas.com\/wp-content\/uploads\/2023\/02\/traumballon-10.png 1411w\" sizes=\"auto, (max-width: 1024px) 100vw, 1024px\" \/><\/figure>\n\n\n\n<p>Das Ensemble der Traumballon wurde 2021 von Joana Quelhas, Querfl\u00f6te und Harfe, und Polychronis Karamatidis, Querfl\u00f6te, gegr\u00fcndet. Die zwei aktive Musiker und Musiklehrer wollen durch ihre musikalische M\u00e4rchen\nKinder in engen Kontakt mit Musik und Kunst bringen. Durch ihre respektive Studien haben sie seit mehreren Jahren engen Kontakt zur P\u00e4dagogik, elementaren Musikp\u00e4dagogik- und Musikvermittlungsprojekte. Ihre Erfahrung wurde durch ihre T\u00e4tigkeit als Musiklehrer sowie zahlreiche Teilnahmen an internationalen Musikvermittlungsprojekten und Kinderprojekten verst\u00e4rkt.<\/p>\n\n\n\n<p>Mit interdisziplin\u00e4ren Kinderkonzerten m\u00f6chten Sie Begeisterung f\u00fcr Kultur und Kunst an die J\u00fcngeren \u00fcbertragen. Jedes Projekt hat sein eigenes instrumentales Ensemble und ein eigenes k\u00fcnstlerisches Team, mit den zwei Mitbegr\u00fcnder als Kern.<\/p>\n\n\n\n<p>Das Ensemble ist Preistr\u00e4ger der Musik Unternehmen Wettbewerbs der HfM Detmold 2021 (2. Preis) und erhielt 2021 und 2022 eine K\u00fcntlerstipendium der NRW.<\/p>\n\n\n\n<p><strong>Andere Konzerte f\u00fcr Kinder<\/strong><\/p>\n\n\n\n<p>Seit 2018 hat Joana Quelhas Konzerte f\u00fcr Kinder f\u00fcr verschiedene Ensembles, auf franz\u00f6sisch und deutsch und mit verschiedenen Kunstarten mit der Musik kombiniert aufgebaut. 2021 haben ihre Leidenschaft und ihr Engagement f\u00fcr diese Art Musikvermittlung in der Gr\u00fcndung von einem spezialisierten Ensemble, Der Traumballon, gef\u00fchrt. Hier ein paar von ihren konzipierten oder mitkonzipierten Konzerte f\u00fcr Kinder.<\/p>\n\n\n\n<p>Pinocchio, 2018 <img loading=\"lazy\" decoding=\"async\" width=\"150\" height=\"214\" class=\"wp-image-49\" style=\"width: 150px;\" src=\"https:\/\/joanaquelhas.com\/wp-content\/uploads\/2019\/10\/pino.jpg\" alt=\"\" srcset=\"https:\/\/joanaquelhas.com\/wp-content\/uploads\/2019\/10\/pino.jpg 392w, https:\/\/joanaquelhas.com\/wp-content\/uploads\/2019\/10\/pino-210x300.jpg 210w\" sizes=\"auto, (max-width: 150px) 100vw, 150px\" \/><\/p>\n\n\n\n<p>Momo, 2020 <img loading=\"lazy\" decoding=\"async\" width=\"150\" height=\"150\" class=\"wp-image-444\" style=\"width: 150px;\" src=\"https:\/\/joanaquelhas.com\/wp-content\/uploads\/2021\/08\/Picture-MOMO-1-1.png\" alt=\"\" srcset=\"https:\/\/joanaquelhas.com\/wp-content\/uploads\/2021\/08\/Picture-MOMO-1-1.png 1920w, https:\/\/joanaquelhas.com\/wp-content\/uploads\/2021\/08\/Picture-MOMO-1-1-300x300.png 300w, https:\/\/joanaquelhas.com\/wp-content\/uploads\/2021\/08\/Picture-MOMO-1-1-1024x1024.png 1024w, https:\/\/joanaquelhas.com\/wp-content\/uploads\/2021\/08\/Picture-MOMO-1-1-150x150.png 150w, https:\/\/joanaquelhas.com\/wp-content\/uploads\/2021\/08\/Picture-MOMO-1-1-768x768.png 768w, https:\/\/joanaquelhas.com\/wp-content\/uploads\/2021\/08\/Picture-MOMO-1-1-1536x1536.png 1536w, https:\/\/joanaquelhas.com\/wp-content\/uploads\/2021\/08\/Picture-MOMO-1-1-12x12.png 12w\" sizes=\"auto, (max-width: 150px) 100vw, 150px\" \/><\/p>\n\n\n\n<p>Le chat bott\u00e9, 2023 <img loading=\"lazy\" decoding=\"async\" width=\"150\" height=\"92\" class=\"wp-image-569\" style=\"width: 150px;\" src=\"https:\/\/joanaquelhas.com\/wp-content\/uploads\/2023\/02\/gestiefelte-kater-pic.png\" alt=\"\" srcset=\"https:\/\/joanaquelhas.com\/wp-content\/uploads\/2023\/02\/gestiefelte-kater-pic.png 784w, https:\/\/joanaquelhas.com\/wp-content\/uploads\/2023\/02\/gestiefelte-kater-pic-300x183.png 300w, https:\/\/joanaquelhas.com\/wp-content\/uploads\/2023\/02\/gestiefelte-kater-pic-768x469.png 768w, https:\/\/joanaquelhas.com\/wp-content\/uploads\/2023\/02\/gestiefelte-kater-pic-18x12.png 18w\" sizes=\"auto, (max-width: 150px) 100vw, 150px\" \/><\/p>\n\n\n\n<p><\/p>","protected":false},"excerpt":{"rendered":"<p>Ensemble Der Traumballon. Contes musicaux et histoires en musique. Concerts pour enfants et workshops L&rsquo;ensemble der Traumballon a \u00e9t\u00e9 fond\u00e9 en 2021 par Joana Quelhas, fl\u00fbte traversi\u00e8re et harpe, et Polychronis Karamatidis, fl\u00fbte traversi\u00e8re. Les deux musiciens actifs et professeurs de musique veulent amener les&nbsp;<a class=\"read-more\" href=\"https:\/\/joanaquelhas.com\/de\/der-traumballon-et-concerts-pour-enfants\/\">&hellip;<\/a><\/p>","protected":false},"author":1,"featured_media":0,"parent":0,"menu_order":0,"comment_status":"closed","ping_status":"closed","template":"","meta":{"_monsterinsights_skip_tracking":false,"_monsterinsights_sitenote_active":false,"_monsterinsights_sitenote_note":"","_monsterinsights_sitenote_category":0,"footnotes":""},"class_list":["post-564","page","type-page","status-publish","hentry"],"jetpack_sharing_enabled":true,"jetpack_likes_enabled":true,"_links":{"self":[{"href":"https:\/\/joanaquelhas.com\/de\/wp-json\/wp\/v2\/pages\/564","targetHints":{"allow":["GET"]}}],"collection":[{"href":"https:\/\/joanaquelhas.com\/de\/wp-json\/wp\/v2\/pages"}],"about":[{"href":"https:\/\/joanaquelhas.com\/de\/wp-json\/wp\/v2\/types\/page"}],"author":[{"embeddable":true,"href":"https:\/\/joanaquelhas.com\/de\/wp-json\/wp\/v2\/users\/1"}],"replies":[{"embeddable":true,"href":"https:\/\/joanaquelhas.com\/de\/wp-json\/wp\/v2\/comments?post=564"}],"version-history":[{"count":12,"href":"https:\/\/joanaquelhas.com\/de\/wp-json\/wp\/v2\/pages\/564\/revisions"}],"predecessor-version":[{"id":584,"href":"https:\/\/joanaquelhas.com\/de\/wp-json\/wp\/v2\/pages\/564\/revisions\/584"}],"wp:attachment":[{"href":"https:\/\/joanaquelhas.com\/de\/wp-json\/wp\/v2\/media?parent=564"}],"curies":[{"name":"wp","href":"https:\/\/api.w.org\/{rel}","templated":true}]}}