{"id":557,"date":"2023-02-27T21:04:58","date_gmt":"2023-02-27T21:04:58","guid":{"rendered":"https:\/\/joanaquelhas.com\/?page_id=557"},"modified":"2023-02-27T21:11:53","modified_gmt":"2023-02-27T21:11:53","slug":"duo-ventus-et-chordis","status":"publish","type":"page","link":"https:\/\/joanaquelhas.com\/de\/duo-ventus-et-chordis\/","title":{"rendered":"Duo Ventus et Chordis"},"content":{"rendered":"<p>Das 2022 gegr\u00fcndete Duo Ventus et Chordis besteht aus der portugiesisch-schweizerischen Fl\u00f6tistin und Harfenistin Joana Quelhas und dem griechischen Fl\u00f6tisten Polychronis Karamatidis. Das Duo Ventus und Chordis deb\u00fctierte in Deutschland und hat seinen Sitz in Nordrhein-Westfalen. Das Duo verbindet ihre Liebe zur Kammermusik und insbesondere die unvergleichliche Mischung aus Querfl\u00f6te und Harfe und bietet Programme \u00e0 la carte an, die originelle oder arrangierte St\u00fccke von Barockmusik bis Moderne Musik kombinieren und Solost\u00fccke aus dem Repertoire von Fl\u00f6te und Harfe, Fl\u00f6te-Harfe-Duos und f\u00fcr zwei Fl\u00f6ten kombinieren.<\/p>\n\n\n\n<figure class=\"wp-block-image size-large\"><img loading=\"lazy\" decoding=\"async\" width=\"1024\" height=\"768\" src=\"https:\/\/joanaquelhas.com\/wp-content\/uploads\/2023\/02\/3-1024x768.jpg\" alt=\"\" class=\"wp-image-561\" srcset=\"https:\/\/joanaquelhas.com\/wp-content\/uploads\/2023\/02\/3-1024x768.jpg 1024w, https:\/\/joanaquelhas.com\/wp-content\/uploads\/2023\/02\/3-300x225.jpg 300w, https:\/\/joanaquelhas.com\/wp-content\/uploads\/2023\/02\/3-768x576.jpg 768w, https:\/\/joanaquelhas.com\/wp-content\/uploads\/2023\/02\/3-1536x1152.jpg 1536w, https:\/\/joanaquelhas.com\/wp-content\/uploads\/2023\/02\/3-2048x1536.jpg 2048w, https:\/\/joanaquelhas.com\/wp-content\/uploads\/2023\/02\/3-16x12.jpg 16w\" sizes=\"auto, (max-width: 1024px) 100vw, 1024px\" \/><\/figure>\n\n\n\n<pre id=\"tw-target-text\" class=\"wp-block-preformatted\">                                                                                                      <\/pre>","protected":false},"excerpt":{"rendered":"<p>Le Duo Ventus et Chordis, fond\u00e9 en 2022, est compos\u00e9 de la fl\u00fbtiste luso-suisse Joana Quelhas, \u00e0 la harpe et \u00e0 la fl\u00fbte traversi\u00e8re, ainsi que du fl\u00fbtiste grec\u00a0Polychronis Karamatidis. Le Duo Ventus et Chordis a fait ses d\u00e9buts en Allemagne et est bas\u00e9 en&nbsp;<a class=\"read-more\" href=\"https:\/\/joanaquelhas.com\/de\/duo-ventus-et-chordis\/\">&hellip;<\/a><\/p>","protected":false},"author":1,"featured_media":0,"parent":0,"menu_order":0,"comment_status":"closed","ping_status":"closed","template":"","meta":{"_monsterinsights_skip_tracking":false,"_monsterinsights_sitenote_active":false,"_monsterinsights_sitenote_note":"","_monsterinsights_sitenote_category":0,"footnotes":""},"class_list":["post-557","page","type-page","status-publish","hentry"],"jetpack_sharing_enabled":true,"jetpack_likes_enabled":true,"_links":{"self":[{"href":"https:\/\/joanaquelhas.com\/de\/wp-json\/wp\/v2\/pages\/557","targetHints":{"allow":["GET"]}}],"collection":[{"href":"https:\/\/joanaquelhas.com\/de\/wp-json\/wp\/v2\/pages"}],"about":[{"href":"https:\/\/joanaquelhas.com\/de\/wp-json\/wp\/v2\/types\/page"}],"author":[{"embeddable":true,"href":"https:\/\/joanaquelhas.com\/de\/wp-json\/wp\/v2\/users\/1"}],"replies":[{"embeddable":true,"href":"https:\/\/joanaquelhas.com\/de\/wp-json\/wp\/v2\/comments?post=557"}],"version-history":[{"count":3,"href":"https:\/\/joanaquelhas.com\/de\/wp-json\/wp\/v2\/pages\/557\/revisions"}],"predecessor-version":[{"id":562,"href":"https:\/\/joanaquelhas.com\/de\/wp-json\/wp\/v2\/pages\/557\/revisions\/562"}],"wp:attachment":[{"href":"https:\/\/joanaquelhas.com\/de\/wp-json\/wp\/v2\/media?parent=557"}],"curies":[{"name":"wp","href":"https:\/\/api.w.org\/{rel}","templated":true}]}}