{"id":18,"date":"2019-10-07T12:21:47","date_gmt":"2019-10-07T12:21:47","guid":{"rendered":"https:\/\/joanaquelhas.com\/?page_id=18"},"modified":"2023-02-28T11:12:49","modified_gmt":"2023-02-28T11:12:49","slug":"biographie","status":"publish","type":"page","link":"https:\/\/joanaquelhas.com\/de\/biographie\/","title":{"rendered":"Lebenslauf"},"content":{"rendered":"<p class=\"has-text-align-left has-medium-font-size\"><strong>Joana Quelhas&nbsp;<\/strong>ist in Genf geboren. Im Alter von acht Jahren begann sie mit dem Erlernen der Harfe und sp\u00e4ter der Querfl\u00f6te. Im Laufe ihrer Karriere spielte sie in ganz Europa als Solistin, in verschiedenen Orchestern und Kammermusikensembles, u. a. in der Victoria Hall in Genf, im Gewandhaus in Leipzig, in der Rudolf-Oetker-Halle in Bielefeld und in der Basilica di San Martino in Bologna. Sie trat auch bei Sendungen von der Radio Suisse Romande auf. Sie ist Preistr\u00e4gerin des Schweizer Jugendmusikwettbewerbs sowie des Lions Club Competition.<\/p>\n\n\n\n<p class=\"has-text-align-left has-medium-font-size\">Nach dem Bachelorabschluss an der Hochschule der K\u00fcnste Bern in der Klasse von Martin Fahlenbock erwarb sie zwei Masterabschl\u00fcsse mit Auszeichnung: einen ersten Performance-Master an der Z\u00fcrcher Hochschule der K\u00fcnste in der Klasse von Matthias Ziegler, w\u00e4hrend dessen sie an einem Erasmus-Abschluss an der Folkwang Universit\u00e4t der K\u00fcnste in der Klasse von Anne-Cath\u00e9rine Heinzmann teilnahm, und einen zweiten Master in P\u00e4dagogik an der Hochschule f\u00fcr K\u00fcnste Bremen in der Klasse von S\u00e9bastian Jacot. W\u00e4hrend ihres Studiums widmete sich die Fl\u00f6tistin intensiv dem Piccolo mit Haika L\u00fccke, Birgit Schwab und Andrea Mairhofer, was auch ihren Weg in die Welt des Orchesters und der zeitgen\u00f6ssischen Musik ma\u00dfgeblich beeinflusste.<\/p>\n\n\n\n<p class=\"has-text-align-left has-medium-font-size\">Joana spielt regelm\u00e4\u00dfig in verschiedenen Orchestern und Kammermusik-Ensembles. Sie spielte u. a. im Theater Orchester Biel Solothurn und spielt derzeit regelm\u00e4\u00dfig mit dem Detmolder Kammerorchester. Sie spielte unter anderem unter der Leitung von Alfredo Perl, Philippe B\u00e9ran oder Daniel Stabrawa.<\/p>\n\n\n\n<p class=\"has-text-align-left has-medium-font-size\">Ihr Engagement f\u00fcr zeitgen\u00f6ssische Musik f\u00fchrte dazu, dass sie f\u00fcr den Research-led Performance: Flute and Guitar in Twentieth Century Music in der Fondazione Giorgio Cini in Venedig sowie f\u00fcr einen Meisterkurs mit dem Komponisten Matthias Pintscher ausgew\u00e4hlt wurde, unter der Leitung von Enno Pope spielte und an Workshops und Meisterkursen mit dem Ensemble Recherche in Freiburg teilnahm.<\/p>\n\n\n\n<p class=\"has-text-align-left has-medium-font-size\">Besonders aktiv ist sie im Bereich der Kammermusik und spielt mit verschiedenen Ensembles, die sie mitbegr\u00fcndet hat: dem Trio Note a Note (2016-2023), dem Duo Ventus et Chordis und dem Duo Amadis. Sie widmet sich auch der Gestaltung von Kinderkonzerten und ist Mitbegr\u00fcnderin des Ensembles f\u00fcr musikalische M\u00e4rchen Der Traumballon, f\u00fcr dessen Gr\u00fcndung sie 2021 den 2. Preis des Musik Unternehmen Wettbewerbs der HfM Detmold erhielt.<\/p>\n\n\n\n<p class=\"has-text-align-left has-medium-font-size\">Dar\u00fcber hinaus nahm sie an vielen internationalen Festivals teil, wie La C\u00f4te Fl\u00f6te Festival, Koliesko Kokava nad Rimavicou Festival in der Slowakei oder dem Porto.Fl\u00f6te Festival, und verschiedene Meisterkurse, unter anderem bei Sarah Rumer, Peter Lukas-Graf, Paolo Taballione und Emmanuel Pahud.<\/p>\n\n\n\n<figure class=\"wp-block-gallery has-nested-images columns-default is-cropped wp-block-gallery-1 is-layout-flex wp-block-gallery-is-layout-flex\">\n<figure class=\"wp-block-image size-large\"><img loading=\"lazy\" decoding=\"async\" width=\"683\" height=\"1024\" data-id=\"637\" src=\"https:\/\/joanaquelhas.com\/wp-content\/uploads\/2023\/02\/17-DSCF7887_edit-2-683x1024.jpg\" alt=\"\" class=\"wp-image-637\" srcset=\"https:\/\/joanaquelhas.com\/wp-content\/uploads\/2023\/02\/17-DSCF7887_edit-2-683x1024.jpg 683w, https:\/\/joanaquelhas.com\/wp-content\/uploads\/2023\/02\/17-DSCF7887_edit-2-200x300.jpg 200w, https:\/\/joanaquelhas.com\/wp-content\/uploads\/2023\/02\/17-DSCF7887_edit-2-768x1152.jpg 768w, https:\/\/joanaquelhas.com\/wp-content\/uploads\/2023\/02\/17-DSCF7887_edit-2-1024x1536.jpg 1024w, https:\/\/joanaquelhas.com\/wp-content\/uploads\/2023\/02\/17-DSCF7887_edit-2-1365x2048.jpg 1365w, https:\/\/joanaquelhas.com\/wp-content\/uploads\/2023\/02\/17-DSCF7887_edit-2-8x12.jpg 8w, https:\/\/joanaquelhas.com\/wp-content\/uploads\/2023\/02\/17-DSCF7887_edit-2-scaled.jpg 1707w\" sizes=\"auto, (max-width: 683px) 100vw, 683px\" \/><\/figure>\n<figcaption class=\"blocks-gallery-caption\">Photo Leonie Bunte.<\/figcaption><\/figure>","protected":false},"excerpt":{"rendered":"<p>Joana Quelhas&nbsp;est une fl\u00fbtiste n\u00e9e \u00e0 Gen\u00e8ve. A huit ans, elle d\u00e9bute l\u2019apprentissage de la harpe, puis de la fl\u00fbte traversi\u00e8re. Au cours de sa carri\u00e8re, elle \u00e0 jou\u00e9 \u00e0 travers l\u2019Europe en tant que soliste, ainsi qu\u2019au sein de diff\u00e9rents orchestres et ensembles de&nbsp;<a class=\"read-more\" href=\"https:\/\/joanaquelhas.com\/de\/biographie\/\">&hellip;<\/a><\/p>","protected":false},"author":1,"featured_media":0,"parent":0,"menu_order":0,"comment_status":"closed","ping_status":"closed","template":"","meta":{"_monsterinsights_skip_tracking":false,"_monsterinsights_sitenote_active":false,"_monsterinsights_sitenote_note":"","_monsterinsights_sitenote_category":0,"footnotes":""},"class_list":["post-18","page","type-page","status-publish","hentry"],"jetpack_sharing_enabled":false,"jetpack_likes_enabled":false,"_links":{"self":[{"href":"https:\/\/joanaquelhas.com\/de\/wp-json\/wp\/v2\/pages\/18","targetHints":{"allow":["GET"]}}],"collection":[{"href":"https:\/\/joanaquelhas.com\/de\/wp-json\/wp\/v2\/pages"}],"about":[{"href":"https:\/\/joanaquelhas.com\/de\/wp-json\/wp\/v2\/types\/page"}],"author":[{"embeddable":true,"href":"https:\/\/joanaquelhas.com\/de\/wp-json\/wp\/v2\/users\/1"}],"replies":[{"embeddable":true,"href":"https:\/\/joanaquelhas.com\/de\/wp-json\/wp\/v2\/comments?post=18"}],"version-history":[{"count":21,"href":"https:\/\/joanaquelhas.com\/de\/wp-json\/wp\/v2\/pages\/18\/revisions"}],"predecessor-version":[{"id":638,"href":"https:\/\/joanaquelhas.com\/de\/wp-json\/wp\/v2\/pages\/18\/revisions\/638"}],"wp:attachment":[{"href":"https:\/\/joanaquelhas.com\/de\/wp-json\/wp\/v2\/media?parent=18"}],"curies":[{"name":"wp","href":"https:\/\/api.w.org\/{rel}","templated":true}]}}